{"id":343,"date":"2023-06-18T21:43:20","date_gmt":"2023-06-19T00:43:20","guid":{"rendered":"https:\/\/diegofotografia.com.br\/?page_id=343"},"modified":"2023-06-20T22:32:48","modified_gmt":"2023-06-21T01:32:48","slug":"bio","status":"publish","type":"page","link":"https:\/\/diegofotografia.com.br\/index.php\/bio\/","title":{"rendered":"Bio"},"content":{"rendered":"\t\t<div data-elementor-type=\"wp-page\" data-elementor-id=\"343\" class=\"elementor elementor-343\" data-elementor-post-type=\"page\">\n\t\t\t\t<div class=\"aux-parallax-section elementor-element elementor-element-18e840e e-flex e-con-boxed e-con e-parent\" data-id=\"18e840e\" data-element_type=\"container\">\n\t\t\t\t\t<div class=\"e-con-inner\">\n\t\t<div class=\"aux-parallax-section elementor-element elementor-element-8f55314 e-con-full e-flex e-con e-parent\" data-id=\"8f55314\" data-element_type=\"container\">\n\t\t\t\t<div class=\"elementor-element elementor-element-18ea586 elementor-widget elementor-widget-image\" data-id=\"18ea586\" data-element_type=\"widget\" data-widget_type=\"image.default\">\n\t\t\t\t<div class=\"elementor-widget-container\">\n\t\t\t\t\t\t\t\t\t\t\t\t\t\t\t<img fetchpriority=\"high\" decoding=\"async\" width=\"768\" height=\"768\" src=\"https:\/\/diegofotografia.com.br\/wp-content\/uploads\/2023\/06\/RETRATO-DIEGO-768x768.jpeg\" class=\"attachment-medium_large size-medium_large wp-image-406\" alt=\"\" srcset=\"https:\/\/diegofotografia.com.br\/wp-content\/uploads\/2023\/06\/RETRATO-DIEGO-768x768.jpeg 768w, https:\/\/diegofotografia.com.br\/wp-content\/uploads\/2023\/06\/RETRATO-DIEGO-300x300.jpeg 300w, https:\/\/diegofotografia.com.br\/wp-content\/uploads\/2023\/06\/RETRATO-DIEGO-1024x1024.jpeg 1024w, https:\/\/diegofotografia.com.br\/wp-content\/uploads\/2023\/06\/RETRATO-DIEGO-150x150.jpeg 150w\" sizes=\"(max-width: 768px) 100vw, 768px\" \/>\t\t\t\t\t\t\t\t\t\t\t\t\t\t\t<\/div>\n\t\t\t\t<\/div>\n\t\t\t\t<div class=\"elementor-element elementor-element-b1a0bd1 elementor-widget elementor-widget-heading\" data-id=\"b1a0bd1\" data-element_type=\"widget\" data-widget_type=\"heading.default\">\n\t\t\t\t<div class=\"elementor-widget-container\">\n\t\t\t\t\t<h5 class=\"elementor-heading-title elementor-size-default\">Sigam-me os bons<\/h5>\t\t\t\t<\/div>\n\t\t\t\t<\/div>\n\t\t\t\t<div class=\"elementor-element elementor-element-07aa294 elementor-shape-rounded elementor-grid-0 e-grid-align-center elementor-widget elementor-widget-social-icons\" data-id=\"07aa294\" data-element_type=\"widget\" data-widget_type=\"social-icons.default\">\n\t\t\t\t<div class=\"elementor-widget-container\">\n\t\t\t\t\t\t\t<div class=\"elementor-social-icons-wrapper elementor-grid\" role=\"list\">\n\t\t\t\t\t\t\t<span class=\"elementor-grid-item\" role=\"listitem\">\n\t\t\t\t\t<a class=\"elementor-icon elementor-social-icon elementor-social-icon-instagram elementor-repeater-item-cb40713\" href=\"https:\/\/www.instagram.com\/diegoinsfranlopes\/\" target=\"_blank\" rel=\"noopener\">\n\t\t\t\t\t\t<span class=\"elementor-screen-only\">Instagram<\/span>\n\t\t\t\t\t\t<svg aria-hidden=\"true\" class=\"e-font-icon-svg e-fab-instagram\" viewBox=\"0 0 448 512\" xmlns=\"http:\/\/www.w3.org\/2000\/svg\"><path d=\"M224.1 141c-63.6 0-114.9 51.3-114.9 114.9s51.3 114.9 114.9 114.9S339 319.5 339 255.9 287.7 141 224.1 141zm0 189.6c-41.1 0-74.7-33.5-74.7-74.7s33.5-74.7 74.7-74.7 74.7 33.5 74.7 74.7-33.6 74.7-74.7 74.7zm146.4-194.3c0 14.9-12 26.8-26.8 26.8-14.9 0-26.8-12-26.8-26.8s12-26.8 26.8-26.8 26.8 12 26.8 26.8zm76.1 27.2c-1.7-35.9-9.9-67.7-36.2-93.9-26.2-26.2-58-34.4-93.9-36.2-37-2.1-147.9-2.1-184.9 0-35.8 1.7-67.6 9.9-93.9 36.1s-34.4 58-36.2 93.9c-2.1 37-2.1 147.9 0 184.9 1.7 35.9 9.9 67.7 36.2 93.9s58 34.4 93.9 36.2c37 2.1 147.9 2.1 184.9 0 35.9-1.7 67.7-9.9 93.9-36.2 26.2-26.2 34.4-58 36.2-93.9 2.1-37 2.1-147.8 0-184.8zM398.8 388c-7.8 19.6-22.9 34.7-42.6 42.6-29.5 11.7-99.5 9-132.1 9s-102.7 2.6-132.1-9c-19.6-7.8-34.7-22.9-42.6-42.6-11.7-29.5-9-99.5-9-132.1s-2.6-102.7 9-132.1c7.8-19.6 22.9-34.7 42.6-42.6 29.5-11.7 99.5-9 132.1-9s102.7-2.6 132.1 9c19.6 7.8 34.7 22.9 42.6 42.6 11.7 29.5 9 99.5 9 132.1s2.7 102.7-9 132.1z\"><\/path><\/svg>\t\t\t\t\t<\/a>\n\t\t\t\t<\/span>\n\t\t\t\t\t\t\t<span class=\"elementor-grid-item\" role=\"listitem\">\n\t\t\t\t\t<a class=\"elementor-icon elementor-social-icon elementor-social-icon-linkedin elementor-repeater-item-98a2d82\" href=\"https:\/\/www.linkedin.com\/in\/diegoinsfran\/\" target=\"_blank\" rel=\"noopener\">\n\t\t\t\t\t\t<span class=\"elementor-screen-only\">Linkedin<\/span>\n\t\t\t\t\t\t<svg aria-hidden=\"true\" class=\"e-font-icon-svg e-fab-linkedin\" viewBox=\"0 0 448 512\" xmlns=\"http:\/\/www.w3.org\/2000\/svg\"><path d=\"M416 32H31.9C14.3 32 0 46.5 0 64.3v383.4C0 465.5 14.3 480 31.9 480H416c17.6 0 32-14.5 32-32.3V64.3c0-17.8-14.4-32.3-32-32.3zM135.4 416H69V202.2h66.5V416zm-33.2-243c-21.3 0-38.5-17.3-38.5-38.5S80.9 96 102.2 96c21.2 0 38.5 17.3 38.5 38.5 0 21.3-17.2 38.5-38.5 38.5zm282.1 243h-66.4V312c0-24.8-.5-56.7-34.5-56.7-34.6 0-39.9 27-39.9 54.9V416h-66.4V202.2h63.7v29.2h.9c8.9-16.8 30.6-34.5 62.9-34.5 67.2 0 79.7 44.3 79.7 101.9V416z\"><\/path><\/svg>\t\t\t\t\t<\/a>\n\t\t\t\t<\/span>\n\t\t\t\t\t\t\t<span class=\"elementor-grid-item\" role=\"listitem\">\n\t\t\t\t\t<a class=\"elementor-icon elementor-social-icon elementor-social-icon-youtube elementor-repeater-item-4d060ce\" href=\"https:\/\/www.youtube.com\/@DiegoInsfranLopes\/featured\" target=\"_blank\" rel=\"noopener\">\n\t\t\t\t\t\t<span class=\"elementor-screen-only\">Youtube<\/span>\n\t\t\t\t\t\t<svg aria-hidden=\"true\" class=\"e-font-icon-svg e-fab-youtube\" viewBox=\"0 0 576 512\" xmlns=\"http:\/\/www.w3.org\/2000\/svg\"><path d=\"M549.655 124.083c-6.281-23.65-24.787-42.276-48.284-48.597C458.781 64 288 64 288 64S117.22 64 74.629 75.486c-23.497 6.322-42.003 24.947-48.284 48.597-11.412 42.867-11.412 132.305-11.412 132.305s0 89.438 11.412 132.305c6.281 23.65 24.787 41.5 48.284 47.821C117.22 448 288 448 288 448s170.78 0 213.371-11.486c23.497-6.321 42.003-24.171 48.284-47.821 11.412-42.867 11.412-132.305 11.412-132.305s0-89.438-11.412-132.305zm-317.51 213.508V175.185l142.739 81.205-142.739 81.201z\"><\/path><\/svg>\t\t\t\t\t<\/a>\n\t\t\t\t<\/span>\n\t\t\t\t\t<\/div>\n\t\t\t\t\t\t<\/div>\n\t\t\t\t<\/div>\n\t\t\t\t<\/div>\n\t\t<div class=\"aux-parallax-section elementor-element elementor-element-c72daea e-con-full e-flex e-con e-parent\" data-id=\"c72daea\" data-element_type=\"container\">\n\t\t\t\t<div class=\"elementor-element elementor-element-4c8e70d elementor-widget elementor-widget-aux_modern_heading\" data-id=\"4c8e70d\" data-element_type=\"widget\" data-widget_type=\"aux_modern_heading.default\">\n\t\t\t\t<div class=\"elementor-widget-container\">\n\t\t\t\t\t<section class=\"aux-widget-modern-heading\">\n            <div class=\"aux-widget-inner\"><h4 class=\"aux-modern-heading-primary\">Diego Insfran<\/h4><h6 class=\"aux-modern-heading-secondary\"><span class=\"aux-head-before\">Jornalista e fot\u00f3grafo<\/span><\/h6><div class=\"aux-modern-heading-divider\"><\/div><div class=\"aux-modern-heading-description\"><p>\u00a0Nascido no sub\u00farbio do Rio de Janeiro, em abril de 1983, \u00e9 fascinado em descobrir lugares, pessoas e belas hist\u00f3rias, nas quais ele sempre busca contar atrav\u00e9s da fotografia. Diego tem duas p\u00f3s-gradua\u00e7\u00f5es em comunica\u00e7\u00e3o, j\u00e1 atuou em diversos projetos de fotografia e tem muita experi\u00eancia em fotojornalismo, retratos, fotos para publicidade e gastronomia.<\/p><div dir=\"auto\">Atualmente, ele faz parte do corpo docente do Senac e do Senai- RJ. Diego tamb\u00e9m ministrou cursos e palestras em lugares como, Infnet, E-Foco e Observat\u00f3rio das Favelas.<\/div><div dir=\"auto\"><br \/>Como jornalista, Diego atuou em diversos ve\u00edculos de imprensa, como os jornais O Dia, Meia-Hora, Lance!, Grupo Bandeirantes e emissoras de r\u00e1dio. Nesse per\u00edodo, ele participou das coberturas In loco dos Jogos Ol\u00edmpicos do Rio de Janeiro, do Rally Dakar e da Copa do Mundo de Futebol Masculino, em 2014.<br \/><br \/><\/div><p>Diego Insfran gosta muito de viajar e espera ir cada vez mais longe para contar atrav\u00e9s da fotografia hist\u00f3rias que a grande m\u00eddia n\u00e3o conta e as pessoas precisam conhecer.<\/p><\/div><\/div>\n        <\/section>\t\t\t\t<\/div>\n\t\t\t\t<\/div>\n\t\t\t\t<\/div>\n\t\t\t\t\t<\/div>\n\t\t\t\t<\/div>\n\t\t\t\t<\/div>\n\t\t","protected":false},"excerpt":{"rendered":"<p>Sigam-me os bons Instagram Linkedin Youtube Diego Insfran Jornalista e fot\u00f3grafo \u00a0Nascido no sub\u00farbio do Rio de Janeiro, em abril de 1983, \u00e9 fascinado em descobrir lugares, pessoas e belas hist\u00f3rias, nas quais ele sempre busca contar atrav\u00e9s da fotografia. Diego tem duas p\u00f3s-gradua\u00e7\u00f5es em comunica\u00e7\u00e3o, j\u00e1 atuou em diversos projetos de fotografia e tem [&hellip;]<\/p>\n","protected":false},"author":1,"featured_media":0,"parent":0,"menu_order":0,"comment_status":"closed","ping_status":"closed","template":"","meta":{"footnotes":""},"class_list":["post-343","page","type-page","status-publish","hentry"],"_links":{"self":[{"href":"https:\/\/diegofotografia.com.br\/index.php\/wp-json\/wp\/v2\/pages\/343","targetHints":{"allow":["GET"]}}],"collection":[{"href":"https:\/\/diegofotografia.com.br\/index.php\/wp-json\/wp\/v2\/pages"}],"about":[{"href":"https:\/\/diegofotografia.com.br\/index.php\/wp-json\/wp\/v2\/types\/page"}],"author":[{"embeddable":true,"href":"https:\/\/diegofotografia.com.br\/index.php\/wp-json\/wp\/v2\/users\/1"}],"replies":[{"embeddable":true,"href":"https:\/\/diegofotografia.com.br\/index.php\/wp-json\/wp\/v2\/comments?post=343"}],"version-history":[{"count":51,"href":"https:\/\/diegofotografia.com.br\/index.php\/wp-json\/wp\/v2\/pages\/343\/revisions"}],"predecessor-version":[{"id":1199,"href":"https:\/\/diegofotografia.com.br\/index.php\/wp-json\/wp\/v2\/pages\/343\/revisions\/1199"}],"wp:attachment":[{"href":"https:\/\/diegofotografia.com.br\/index.php\/wp-json\/wp\/v2\/media?parent=343"}],"curies":[{"name":"wp","href":"https:\/\/api.w.org\/{rel}","templated":true}]}}